{"id":4436,"date":"2024-09-18T11:40:29","date_gmt":"2024-09-18T09:40:29","guid":{"rendered":"https:\/\/sites8.digitalya.es\/viasur.eu\/?page_id=4436"},"modified":"2024-09-18T11:47:38","modified_gmt":"2024-09-18T09:47:38","slug":"mangos","status":"publish","type":"page","link":"https:\/\/viasur.eu\/mangos\/","title":{"rendered":"Mangos"},"content":{"rendered":"\t\t<div data-elementor-type=\"wp-page\" data-elementor-id=\"4436\" class=\"elementor elementor-4436\" data-elementor-post-type=\"page\">\n\t\t\t\t<div class=\"elementor-element elementor-element-794cfb60 e-flex e-con-boxed e-con e-parent\" data-id=\"794cfb60\" data-element_type=\"container\" data-settings=\"{&quot;background_background&quot;:&quot;classic&quot;,&quot;jet_parallax_layout_list&quot;:[]}\">\n\t\t\t\t\t<div class=\"e-con-inner\">\n\t\t\t\t<div class=\"elementor-element elementor-element-34388caa elementor-widget elementor-widget-heading\" data-id=\"34388caa\" data-element_type=\"widget\" data-widget_type=\"heading.default\">\n\t\t\t\t<div class=\"elementor-widget-container\">\n\t\t\t\t\t<h1 class=\"elementor-heading-title elementor-size-default\">Mangos<\/h1>\t\t\t\t<\/div>\n\t\t\t\t<\/div>\n\t\t\t\t\t<\/div>\n\t\t\t\t<\/div>\n\t\t<div class=\"elementor-element elementor-element-61bea67c e-flex e-con-boxed e-con e-parent\" data-id=\"61bea67c\" data-element_type=\"container\" data-settings=\"{&quot;jet_parallax_layout_list&quot;:[]}\">\n\t\t\t\t\t<div class=\"e-con-inner\">\n\t\t<div class=\"elementor-element elementor-element-6bd157e5 e-con-full e-flex e-con e-child\" data-id=\"6bd157e5\" data-element_type=\"container\" data-settings=\"{&quot;background_background&quot;:&quot;classic&quot;,&quot;jet_parallax_layout_list&quot;:[]}\">\n\t\t\t\t<div class=\"elementor-element elementor-element-60501001 elementor-position-top elementor-widget elementor-widget-image-box\" data-id=\"60501001\" data-element_type=\"widget\" data-widget_type=\"image-box.default\">\n\t\t\t\t<div class=\"elementor-widget-container\">\n\t\t\t\t\t<div class=\"elementor-image-box-wrapper\"><figure class=\"elementor-image-box-img\"><img fetchpriority=\"high\" decoding=\"async\" width=\"700\" height=\"650\" src=\"https:\/\/viasur.eu\/wp-content\/uploads\/sites\/317\/2024\/09\/mangos-de-madera-con-rosca-en-viasur-viaria-y-suministros-urbanos-en-sevilla.jpg\" class=\"attachment-full size-full wp-image-4440\" alt=\"\" srcset=\"https:\/\/viasur.eu\/wp-content\/uploads\/sites\/317\/2024\/09\/mangos-de-madera-con-rosca-en-viasur-viaria-y-suministros-urbanos-en-sevilla.jpg 700w, https:\/\/viasur.eu\/wp-content\/uploads\/sites\/317\/2024\/09\/mangos-de-madera-con-rosca-en-viasur-viaria-y-suministros-urbanos-en-sevilla-300x279.jpg 300w\" sizes=\"(max-width: 700px) 100vw, 700px\" \/><\/figure><div class=\"elementor-image-box-content\"><h2 class=\"elementor-image-box-title\">MANGOS DE MADERA<\/h2><p class=\"elementor-image-box-description\">Mangos de madera de diferentesdi\u00e1metros y longitudes, con rosca o sinella, forrados o desnudos<\/p><\/div><\/div>\t\t\t\t<\/div>\n\t\t\t\t<\/div>\n\t\t\t\t<\/div>\n\t\t<div class=\"elementor-element elementor-element-48dffef8 e-con-full e-flex e-con e-child\" data-id=\"48dffef8\" data-element_type=\"container\" data-settings=\"{&quot;background_background&quot;:&quot;classic&quot;,&quot;jet_parallax_layout_list&quot;:[]}\">\n\t\t\t\t<div class=\"elementor-element elementor-element-bc4aa19 elementor-position-top elementor-widget elementor-widget-image-box\" data-id=\"bc4aa19\" data-element_type=\"widget\" data-widget_type=\"image-box.default\">\n\t\t\t\t<div class=\"elementor-widget-container\">\n\t\t\t\t\t<div class=\"elementor-image-box-wrapper\"><figure class=\"elementor-image-box-img\"><img decoding=\"async\" width=\"700\" height=\"650\" data-src=\"https:\/\/viasur.eu\/wp-content\/uploads\/sites\/317\/2024\/09\/mangos-de-madera-plastificados-en-viasur-viaria-y-suministros-urbanos-en-sevilla.jpg\" class=\"attachment-full size-full wp-image-4441 lazyload\" alt=\"\" data-srcset=\"https:\/\/viasur.eu\/wp-content\/uploads\/sites\/317\/2024\/09\/mangos-de-madera-plastificados-en-viasur-viaria-y-suministros-urbanos-en-sevilla.jpg 700w, https:\/\/viasur.eu\/wp-content\/uploads\/sites\/317\/2024\/09\/mangos-de-madera-plastificados-en-viasur-viaria-y-suministros-urbanos-en-sevilla-300x279.jpg 300w\" data-sizes=\"(max-width: 700px) 100vw, 700px\" src=\"data:image\/svg+xml;base64,PHN2ZyB3aWR0aD0iMSIgaGVpZ2h0PSIxIiB4bWxucz0iaHR0cDovL3d3dy53My5vcmcvMjAwMC9zdmciPjwvc3ZnPg==\" style=\"--smush-placeholder-width: 700px; --smush-placeholder-aspect-ratio: 700\/650;\" \/><\/figure><div class=\"elementor-image-box-content\"><h3 class=\"elementor-image-box-title\">MANGOS MET\u00c1LICOS<\/h3><p class=\"elementor-image-box-description\">Mangos met\u00e1licos de diferentesdi\u00e1metros y geometr\u00edas<\/p><\/div><\/div>\t\t\t\t<\/div>\n\t\t\t\t<\/div>\n\t\t\t\t<\/div>\n\t\t\t\t\t<\/div>\n\t\t\t\t<\/div>\n\t\t\t\t<\/div>\n\t\t","protected":false},"excerpt":{"rendered":"<p>Mangos MANGOS DE MADERA Mangos de madera de diferentesdi\u00e1metros y longitudes, con rosca o sinella, forrados o desnudos MANGOS MET\u00c1LICOS Mangos met\u00e1licos de diferentesdi\u00e1metros y geometr\u00edas<\/p>\n","protected":false},"author":33,"featured_media":0,"parent":0,"menu_order":0,"comment_status":"closed","ping_status":"closed","template":"elementor_header_footer","meta":{"_acf_changed":false,"footnotes":""},"class_list":["post-4436","page","type-page","status-publish"],"yoast_head":"<!-- This site is optimized with the Yoast SEO plugin v24.1 - https:\/\/yoast.com\/wordpress\/plugins\/seo\/ -->\n<title>Mangos - Viasur<\/title>\n<meta name=\"robots\" content=\"index, follow, max-snippet:-1, max-image-preview:large, max-video-preview:-1\" \/>\n<link rel=\"canonical\" href=\"https:\/\/viasur.eu\/mangos\/\" \/>\n<meta property=\"og:locale\" content=\"es_ES\" \/>\n<meta property=\"og:type\" content=\"article\" \/>\n<meta property=\"og:title\" content=\"Mangos - Viasur\" \/>\n<meta property=\"og:description\" content=\"Mangos MANGOS DE MADERA Mangos de madera de diferentesdi\u00e1metros y longitudes, con rosca o sinella, forrados o desnudos MANGOS MET\u00c1LICOS Mangos met\u00e1licos de diferentesdi\u00e1metros y geometr\u00edas\" \/>\n<meta property=\"og:url\" content=\"https:\/\/viasur.eu\/mangos\/\" \/>\n<meta property=\"og:site_name\" content=\"Viasur\" \/>\n<meta property=\"article:modified_time\" content=\"2024-09-18T09:47:38+00:00\" \/>\n<meta property=\"og:image\" content=\"https:\/\/sites8.digitalya.es\/wp-content\/uploads\/sites\/317\/2024\/09\/mangos-de-madera-con-rosca-en-viasur-viaria-y-suministros-urbanos-en-sevilla.jpg\" \/>\n<meta name=\"twitter:card\" content=\"summary_large_image\" \/>\n<meta name=\"twitter:label1\" content=\"Tiempo de lectura\" \/>\n\t<meta name=\"twitter:data1\" content=\"1 minuto\" \/>\n<script type=\"application\/ld+json\" class=\"yoast-schema-graph\">{\"@context\":\"https:\/\/schema.org\",\"@graph\":[{\"@type\":\"WebPage\",\"@id\":\"https:\/\/viasur.eu\/mangos\/\",\"url\":\"https:\/\/viasur.eu\/mangos\/\",\"name\":\"Mangos - Viasur\",\"isPartOf\":{\"@id\":\"https:\/\/viasur.eu\/en\/#website\"},\"primaryImageOfPage\":{\"@id\":\"https:\/\/viasur.eu\/mangos\/#primaryimage\"},\"image\":{\"@id\":\"https:\/\/viasur.eu\/mangos\/#primaryimage\"},\"thumbnailUrl\":\"https:\/\/sites8.digitalya.es\/wp-content\/uploads\/sites\/317\/2024\/09\/mangos-de-madera-con-rosca-en-viasur-viaria-y-suministros-urbanos-en-sevilla.jpg\",\"datePublished\":\"2024-09-18T09:40:29+00:00\",\"dateModified\":\"2024-09-18T09:47:38+00:00\",\"breadcrumb\":{\"@id\":\"https:\/\/viasur.eu\/mangos\/#breadcrumb\"},\"inLanguage\":\"es\",\"potentialAction\":[{\"@type\":\"ReadAction\",\"target\":[\"https:\/\/viasur.eu\/mangos\/\"]}]},{\"@type\":\"ImageObject\",\"inLanguage\":\"es\",\"@id\":\"https:\/\/viasur.eu\/mangos\/#primaryimage\",\"url\":\"https:\/\/sites8.digitalya.es\/wp-content\/uploads\/sites\/317\/2024\/09\/mangos-de-madera-con-rosca-en-viasur-viaria-y-suministros-urbanos-en-sevilla.jpg\",\"contentUrl\":\"https:\/\/sites8.digitalya.es\/wp-content\/uploads\/sites\/317\/2024\/09\/mangos-de-madera-con-rosca-en-viasur-viaria-y-suministros-urbanos-en-sevilla.jpg\"},{\"@type\":\"BreadcrumbList\",\"@id\":\"https:\/\/viasur.eu\/mangos\/#breadcrumb\",\"itemListElement\":[{\"@type\":\"ListItem\",\"position\":1,\"name\":\"Portada\",\"item\":\"https:\/\/viasur.eu\/\"},{\"@type\":\"ListItem\",\"position\":2,\"name\":\"Mangos\"}]},{\"@type\":\"WebSite\",\"@id\":\"https:\/\/viasur.eu\/en\/#website\",\"url\":\"https:\/\/viasur.eu\/en\/\",\"name\":\"Viasur\",\"description\":\"Viaria y suminstros urbanos\",\"publisher\":{\"@id\":\"https:\/\/viasur.eu\/en\/#organization\"},\"potentialAction\":[{\"@type\":\"SearchAction\",\"target\":{\"@type\":\"EntryPoint\",\"urlTemplate\":\"https:\/\/viasur.eu\/en\/?s={search_term_string}\"},\"query-input\":{\"@type\":\"PropertyValueSpecification\",\"valueRequired\":true,\"valueName\":\"search_term_string\"}}],\"inLanguage\":\"es\"},{\"@type\":\"Organization\",\"@id\":\"https:\/\/viasur.eu\/en\/#organization\",\"name\":\"Viasur\",\"url\":\"https:\/\/viasur.eu\/en\/\",\"logo\":{\"@type\":\"ImageObject\",\"inLanguage\":\"es\",\"@id\":\"https:\/\/viasur.eu\/en\/#\/schema\/logo\/image\/\",\"url\":\"https:\/\/viasur.eu\/wp-content\/uploads\/sites\/317\/2024\/08\/logo-viasur-viaria-y-suministros-urbanos.png\",\"contentUrl\":\"https:\/\/viasur.eu\/wp-content\/uploads\/sites\/317\/2024\/08\/logo-viasur-viaria-y-suministros-urbanos.png\",\"width\":447,\"height\":128,\"caption\":\"Viasur\"},\"image\":{\"@id\":\"https:\/\/viasur.eu\/en\/#\/schema\/logo\/image\/\"}}]}<\/script>\n<!-- \/ Yoast SEO plugin. -->","yoast_head_json":{"title":"Mangos - Viasur","robots":{"index":"index","follow":"follow","max-snippet":"max-snippet:-1","max-image-preview":"max-image-preview:large","max-video-preview":"max-video-preview:-1"},"canonical":"https:\/\/viasur.eu\/mangos\/","og_locale":"es_ES","og_type":"article","og_title":"Mangos - Viasur","og_description":"Mangos MANGOS DE MADERA Mangos de madera de diferentesdi\u00e1metros y longitudes, con rosca o sinella, forrados o desnudos MANGOS MET\u00c1LICOS Mangos met\u00e1licos de diferentesdi\u00e1metros y geometr\u00edas","og_url":"https:\/\/viasur.eu\/mangos\/","og_site_name":"Viasur","article_modified_time":"2024-09-18T09:47:38+00:00","og_image":[{"url":"https:\/\/sites8.digitalya.es\/wp-content\/uploads\/sites\/317\/2024\/09\/mangos-de-madera-con-rosca-en-viasur-viaria-y-suministros-urbanos-en-sevilla.jpg","type":"","width":"","height":""}],"twitter_card":"summary_large_image","twitter_misc":{"Tiempo de lectura":"1 minuto"},"schema":{"@context":"https:\/\/schema.org","@graph":[{"@type":"WebPage","@id":"https:\/\/viasur.eu\/mangos\/","url":"https:\/\/viasur.eu\/mangos\/","name":"Mangos - Viasur","isPartOf":{"@id":"https:\/\/viasur.eu\/en\/#website"},"primaryImageOfPage":{"@id":"https:\/\/viasur.eu\/mangos\/#primaryimage"},"image":{"@id":"https:\/\/viasur.eu\/mangos\/#primaryimage"},"thumbnailUrl":"https:\/\/sites8.digitalya.es\/wp-content\/uploads\/sites\/317\/2024\/09\/mangos-de-madera-con-rosca-en-viasur-viaria-y-suministros-urbanos-en-sevilla.jpg","datePublished":"2024-09-18T09:40:29+00:00","dateModified":"2024-09-18T09:47:38+00:00","breadcrumb":{"@id":"https:\/\/viasur.eu\/mangos\/#breadcrumb"},"inLanguage":"es","potentialAction":[{"@type":"ReadAction","target":["https:\/\/viasur.eu\/mangos\/"]}]},{"@type":"ImageObject","inLanguage":"es","@id":"https:\/\/viasur.eu\/mangos\/#primaryimage","url":"https:\/\/sites8.digitalya.es\/wp-content\/uploads\/sites\/317\/2024\/09\/mangos-de-madera-con-rosca-en-viasur-viaria-y-suministros-urbanos-en-sevilla.jpg","contentUrl":"https:\/\/sites8.digitalya.es\/wp-content\/uploads\/sites\/317\/2024\/09\/mangos-de-madera-con-rosca-en-viasur-viaria-y-suministros-urbanos-en-sevilla.jpg"},{"@type":"BreadcrumbList","@id":"https:\/\/viasur.eu\/mangos\/#breadcrumb","itemListElement":[{"@type":"ListItem","position":1,"name":"Portada","item":"https:\/\/viasur.eu\/"},{"@type":"ListItem","position":2,"name":"Mangos"}]},{"@type":"WebSite","@id":"https:\/\/viasur.eu\/en\/#website","url":"https:\/\/viasur.eu\/en\/","name":"Viasur","description":"Viaria y suminstros urbanos","publisher":{"@id":"https:\/\/viasur.eu\/en\/#organization"},"potentialAction":[{"@type":"SearchAction","target":{"@type":"EntryPoint","urlTemplate":"https:\/\/viasur.eu\/en\/?s={search_term_string}"},"query-input":{"@type":"PropertyValueSpecification","valueRequired":true,"valueName":"search_term_string"}}],"inLanguage":"es"},{"@type":"Organization","@id":"https:\/\/viasur.eu\/en\/#organization","name":"Viasur","url":"https:\/\/viasur.eu\/en\/","logo":{"@type":"ImageObject","inLanguage":"es","@id":"https:\/\/viasur.eu\/en\/#\/schema\/logo\/image\/","url":"https:\/\/viasur.eu\/wp-content\/uploads\/sites\/317\/2024\/08\/logo-viasur-viaria-y-suministros-urbanos.png","contentUrl":"https:\/\/viasur.eu\/wp-content\/uploads\/sites\/317\/2024\/08\/logo-viasur-viaria-y-suministros-urbanos.png","width":447,"height":128,"caption":"Viasur"},"image":{"@id":"https:\/\/viasur.eu\/en\/#\/schema\/logo\/image\/"}}]}},"acf":[],"_links":{"self":[{"href":"https:\/\/viasur.eu\/en\/wp-json\/wp\/v2\/pages\/4436","targetHints":{"allow":["GET"]}}],"collection":[{"href":"https:\/\/viasur.eu\/en\/wp-json\/wp\/v2\/pages"}],"about":[{"href":"https:\/\/viasur.eu\/en\/wp-json\/wp\/v2\/types\/page"}],"author":[{"embeddable":true,"href":"https:\/\/viasur.eu\/en\/wp-json\/wp\/v2\/users\/33"}],"replies":[{"embeddable":true,"href":"https:\/\/viasur.eu\/en\/wp-json\/wp\/v2\/comments?post=4436"}],"version-history":[{"count":0,"href":"https:\/\/viasur.eu\/en\/wp-json\/wp\/v2\/pages\/4436\/revisions"}],"wp:attachment":[{"href":"https:\/\/viasur.eu\/en\/wp-json\/wp\/v2\/media?parent=4436"}],"curies":[{"name":"wp","href":"https:\/\/api.w.org\/{rel}","templated":true}]}}